{"id":8,"date":"2019-03-14T23:45:01","date_gmt":"2019-03-14T22:45:01","guid":{"rendered":"http:\/\/www.kevincadinot.net\/?page_id=8"},"modified":"2026-01-22T17:30:42","modified_gmt":"2026-01-22T16:30:42","slug":"a-propos","status":"publish","type":"page","link":"https:\/\/www.kevincadinot.net\/index.php\/a-propos\/","title":{"rendered":"\u00c0 propos"},"content":{"rendered":"<h1>CONTACT<\/h1>\n<h2 class=\"coordonnees\">18 rue Charlemagne,<br \/>\n76600 LE HAVRE<br \/>\n<span id=\"email\">kevin.cdnt@gmail.com<\/span><\/h2>\n<h1>COMMISSARIAT<br \/>\nSC\u00c9NOGRAPHIE<\/h1>\n<ul>\n<li>Sc\u00e9nographe, <i>Noise<\/i>, Le Signe, Chaumont, 2025.<\/li>\n<li>Sc\u00e9nographe, <i>31 \u00e8me Concours international de l&rsquo;affiche<\/i>, Le Signe, Chaumont, 2025.<\/li>\n<li>Sc\u00e9nographe,\u00a0<em>D\u00e9rive Littorale,<\/em> THV, Le Havre, 2025.<\/li>\n<li>Sc\u00e9nographe,\u00a0<em>gggrafik design slay allegories &#8211; d\u00e9chire les all\u00e9gories, Le Signe, Chaumont, 2024.<\/em><\/li>\n<li><em>Sc\u00e9nographe, Figure<\/em> impos\u00e9e, Le Signe, Chaumont, 2024.<\/li>\n<li>Sc\u00e9nographe, 60 ans CSE Safran nacelles, Stade Henry Mehl, Harfleur (76), 2024.<\/li>\n<li>Sc\u00e9nographe, exposition <em>Hors jeu \/ Oh Jacno<\/em>, Le Signe, Chaumont, 2024.<\/li>\n<li>Sc\u00e9nographe, exposition <em>30 \u00e8me Concours International de l\u2019Affiche<\/em>, Le Signe, Chaumont, 2023.<\/li>\n<li>Sc\u00e9nographe, exposition\u00a0<em>Proc\u00e8s d&rsquo;Intention<\/em>, Le Signe, Chaumont, 2023.<\/li>\n<li>Sc\u00e9nographe, exposition\u00a0<em>travaux\/works &#8211; Atelier ter Bekke &amp; Behage<\/em>, Le Signe, Chaumont, 2022.<\/li>\n<li>Sc\u00e9nographe, exposition <em>\u00e7a s&rsquo;en va et \u00e7a revient<\/em>, Le Signe, Chaumont, 2022.<\/li>\n<li>Sc\u00e9nographe\/am\u00e9nagement d\u2019espace, <i class=\"\">Pixels<\/i>, Le Tetris, Le Havre, 2022.<\/li>\n<li>Sc\u00e9nographe, exposition <i class=\"\">Sous le Soleil exactement<\/i>, Le Signe Chaumont, 2022.<\/li>\n<li>Sc\u00e9nographe, exposition <i class=\"\">Manga<\/i>, Le Signe Chaumont, 2022.<\/li>\n<li>Sc\u00e9nographe, exposition <i class=\"\">Jours de f\u00eates 2<\/i>, Le Signe Chaumont, 2021.<\/li>\n<li>Sc\u00e9nographe, exposition <em>29 \u00e8me Concours International de l\u2019Affiche<\/em>, Le Signe Chaumont, 2021.<\/li>\n<li>Sc\u00e9nographe, exposition <i class=\"\">Jours de f\u00eates<\/i>, Le Signe Chaumont, 2021.<\/li>\n<li>Sc\u00e9nographe, exposition <i class=\"\">Variations \u00c9pic\u00e8nes<\/i>, Maison d\u2019Art Bernard Anthonioz, Nogent-sur-Marne, 2020.<\/li>\n<li>Sc\u00e9nographe, exposition <em>Anja Kaiser, Undisciplined toolkit \u2013 f\u00e9minisme et design graphique<\/em>, Le Signe, Chaumont, 2021.<\/li>\n<li>Sc\u00e9nographe, exposition <em>28 \u00e8me <\/em><em>Concours International de l&rsquo;Affiche<\/em>, Le Signe Chaumont, 2019.<\/li>\n<li>Sc\u00e9nographe, exposition\u00a0<em>Fr\u00e9d\u00e9ric Teschner, Rue de Paris<\/em>, Le Signe Chaumont, 2019.<\/li>\n<li>Sc\u00e9nographe, exposition\u00a0<em>La fabrique de l&rsquo;image<\/em>, Le Signe Chaumont, 2019.<\/li>\n<li>Sc\u00e9nographe, exposition\u00a0<em>Retour du vaste monde<\/em>, MUMA Le Havre, 2019.<\/li>\n<li>Sc\u00e9nographe, exposition <em>Marcel Duchamp, Faire impressions<\/em>, ESADHAR Le Havre, 2018.<\/li>\n<li>Sc\u00e9nographe, lieu d&rsquo;accueil pour <em>Un \u00c9t\u00e9 Au Havre<\/em>, 2018.<\/li>\n<li>Sc\u00e9nographe, exposition <em>ABM STUDIO, USG 18<\/em>, BU Le Havre, 2018.<\/li>\n<li>Sc\u00e9nographe, exposition <em>Hyper.Local.<\/em>, ESAD Valenciennes, 2018.<\/li>\n<li>Sc\u00e9nographe, exposition <em>Au Havre, la terre tourne<\/em>, BU Le Havre, 2017.<\/li>\n<li>Sc\u00e9nographe, exposition internationale d\u2019art contemporain <em>Jeune Cr\u00e9ation<\/em>, galerie Thaddaeus Ropac Pantin, 2017.<\/li>\n<li>Commissaire, exposition <em>White Screen<\/em>, art en ligne, internet, 2017.<\/li>\n<li>Sc\u00e9nographe, exposition internationale d\u2019art contemporain <em>Jeune Cr\u00e9ation<\/em>, galerie Thaddaeus Ropac Pantin, 2016.<\/li>\n<li>Commissaire, exposition <em>White Screen<\/em>, art en ligne, internet, 2016.<\/li>\n<li>Commissaire et sc\u00e9nographe, foire international d\u2019art contemporain <em>Cutlog<\/em>, Paris 2015.<\/li>\n<li>Sc\u00e9nographe, exposition <em>Gefrorene Tr\u00e4nen<\/em> de l\u2019artiste Yann Owens \u00e0 l\u2019ESAM, Caen, 2015.<\/li>\n<\/ul>\n<h1>EXPOSITIONS COLLECTIVES<\/h1>\n<ul>\n<li>D\u00e9rive Littorale, Le Havre, 2024.<\/li>\n<li><em>Loire Art Show<\/em>, Orl\u00e9ans, 2019.<\/li>\n<li><em>Retour du vaste monde<\/em>, MUMA, Le Havre, 2019.<\/li>\n<li><em>La petite collection<\/em>, Galerie Bertrand Grimont, Paris III, 2017.<\/li>\n<li><em>Let\u2019s go !<\/em>, Galerie Jeune Cr\u00e9ation, Paris XIV, 2017.<\/li>\n<li><em>Novembre \u00e0 Vitry<\/em>, Galerie Jean-Collet, Vitry-sur-Seine, 2017.<\/li>\n<li><em>Background<\/em>, Galerie Duchamp, Yvetot, 2017. Well, I\u2019m the only one here, ALMA &#8211; Espace d\u2019Art, Paris V, 2017.<\/li>\n<li><em>Cool Apoptose<\/em>, Arthot\u00e8que de l&rsquo;ESADHaR &#8211; Le Havre, 2017.<\/li>\n<li><em>Rainbow Ranch Hand<\/em>, FRAAC Nord-Pas De Calais, Dunkerque, 2016.<\/li>\n<li><em>Novembre \u00e0 Vitry<\/em>, Galerie Jean-Collet, Vitry-sur-Seine, 2016.<\/li>\n<li><em>DP2F<\/em>, galerie Jeune Cr\u00e9ation, Paris XIV, 2016.<\/li>\n<li><em>D\u00c9FAIRE<\/em>, le Portique espace d\u2019art contemporain, Le Havre, 2016.<\/li>\n<li><em>Nuit Blanche<\/em>, Mairie du XXIe arondissement, Paris, 2015.<\/li>\n<li><em>SOON<\/em>, Salon de l\u2019Oeuvre Originale Num\u00e9rot\u00e9e, Paris XXI, 2015.<\/li>\n<li><em>Cutlog<\/em>, L\u2019HOTEL DE L\u2019INDUSTRIE, place St-Germain-des-Pr\u00e9s, Paris, 2015.<\/li>\n<li><em>&#8230;ART est un TRAVAIL est un ART est un TRAVAIL&#8230;<\/em> Satellite Brindeau, Le Havre, 2015.<\/li>\n<li><em>Jeune Cr\u00e9ation<\/em>, Le Centquatre, Paris, 2014.<\/li>\n<li><em>Sense of place<\/em>, Folkstone, Kent, Grande Bretagne, 2014.<\/li>\n<li><em>Papier Machine #3<\/em>, dans le cadre de la manifestation Art Sequana, La Glaci\u00e8re, Le Havre, 2014.<\/li>\n<li><em>Papier Machine #2<\/em>, invit\u00e9 par Une Saison Graphique 2012, PiedNu, Fort de Tourneville, Le Havre, 2012.<\/li>\n<li><em>Le mois de l\u2019architecture<\/em>, Atelier Ici, Le Havre, 2012.<\/li>\n<li><em>Papier Machine<\/em>, Ateliers Ici, Le Havre, 2011.<\/li>\n<li><em>Encore<\/em>, Le Volcan Sc\u00e8ne Nationale, Le Havre, 2011.<\/li>\n<li><em>La Dame de Elche<\/em>, Espace Architecture Gestion, Paris, 2011.<\/li>\n<li><em>Orange danger<\/em>, exposition collective, Satellite Brindeau, Le Havre, 2010.<\/li>\n<li><em>Festival Off\/short<\/em>, Lac de Nonampteuil, Picardie, 2010.<\/li>\n<li><em>Meubles et Peintures<\/em>, Villa Montesquieu, Le Havre, 2010.<\/li>\n<\/ul>\n<h1>EXPOSITION PERSONNELLE<\/h1>\n<ul>\n<li><em>Trois fois rien<\/em>, Hatch galerie, Le Havre 2024.<\/li>\n<li><em>\u00ab Clich\u00e9 \u00bb<\/em>, Ateliers Ici, Le Havre, 2011.<\/li>\n<\/ul>\n<h1>BOURSE(S)<\/h1>\n<p>2024 : Aide Individuelle \u00e0 la Cr\u00e9ation, DRAC Haute-Normandie.<\/p>\n<p>2014 : Aide Individuelle \u00e0 la Cr\u00e9ation, DRAC Haute-Normandie.<\/p>\n<h1>R\u00c9SIDENCE(S)<\/h1>\n<p><em>FAUT VOIR,<\/em> Hatch galerie, r\u00e9sidence d&rsquo;exposition, Le Havre, janvier 2024.<\/p>\n<p>R\u00e9sidence \u00e0 la Fonderie Darling \u00e0 Montr\u00e9al, aout\/septembre 2018. (Dans le cadre de La Bande Des Havrais, programme de r\u00e9sidence \u00e0 l&rsquo;\u00e9tranger avec la ville du Havre).<\/p>\n<h1>DIPL\u00d4MES<\/h1>\n<p>2013 : DNSEP option Art avec les f\u00e9licitations du jury (pr\u00e9sid\u00e9 par Fabienne Radi), ESAD Le Havre\/Rouen.<\/p>\n<h1>AUTRES<\/h1>\n<p>1998 &#8211; 2008 : Conducteur poids lourds international et national. Couvreur, Association des Compagnons du Devoir du Tour de France, Chinon.<\/p>\n<div id=\"credits\">\n<p><small>Conception graphique et d\u00e9veloppement du site : <a href=\"http:\/\/mathieu-roquet.net\/\" target=\"_blank\" rel=\"noopener noreferrer\">Mathieu Roquet, 2020<\/a><br \/>\nTypographie : <a href=\"https:\/\/www.colophon-foundry.org\/typefaces\/mad-sans\/\" target=\"_blank\" rel=\"noopener noreferrer\">MAD Sans Fill Bold. Dries Wiewauters, distribu\u00e9 par Colophon Foundry<\/a><\/small><\/p>\n<\/div>\n","protected":false},"excerpt":{"rendered":"CONTACT 18 rue Charlemagne, 76600 LE HAVRE kevin.cdnt@gmail.com COMMISSARIAT SC\u00c9NOGRAPHIE Sc\u00e9nographe, Noise, Le Signe, Chaumont, 2025. Sc\u00e9nographe, 31 \u00e8me Concours international de l&rsquo;affiche, Le Signe, Chaumont, 2025. Sc\u00e9nographe,\u00a0D\u00e9rive Littorale, THV, Le Havre, 2025. Sc\u00e9nographe,\u00a0gggrafik design slay allegories &#8211; d\u00e9chire les all\u00e9gories, Le Signe, Chaumont, 2024. Sc\u00e9nographe, Figure impos\u00e9e, Le Signe, Chaumont, 2024. Sc\u00e9nographe, 60 ans&#8230; <a class=\"view-article\" href=\"https:\/\/www.kevincadinot.net\/index.php\/a-propos\/\">Voir l&rsquo;article<\/a>","protected":false},"author":1,"featured_media":0,"parent":0,"menu_order":0,"comment_status":"closed","ping_status":"closed","template":"template-a_propos.php","meta":[],"acf":[],"_links":{"self":[{"href":"https:\/\/www.kevincadinot.net\/index.php\/wp-json\/wp\/v2\/pages\/8"}],"collection":[{"href":"https:\/\/www.kevincadinot.net\/index.php\/wp-json\/wp\/v2\/pages"}],"about":[{"href":"https:\/\/www.kevincadinot.net\/index.php\/wp-json\/wp\/v2\/types\/page"}],"author":[{"embeddable":true,"href":"https:\/\/www.kevincadinot.net\/index.php\/wp-json\/wp\/v2\/users\/1"}],"replies":[{"embeddable":true,"href":"https:\/\/www.kevincadinot.net\/index.php\/wp-json\/wp\/v2\/comments?post=8"}],"version-history":[{"count":33,"href":"https:\/\/www.kevincadinot.net\/index.php\/wp-json\/wp\/v2\/pages\/8\/revisions"}],"predecessor-version":[{"id":1376,"href":"https:\/\/www.kevincadinot.net\/index.php\/wp-json\/wp\/v2\/pages\/8\/revisions\/1376"}],"wp:attachment":[{"href":"https:\/\/www.kevincadinot.net\/index.php\/wp-json\/wp\/v2\/media?parent=8"}],"curies":[{"name":"wp","href":"https:\/\/api.w.org\/{rel}","templated":true}]}}